{"id":168,"date":"2020-06-23T17:22:58","date_gmt":"2020-06-23T17:22:58","guid":{"rendered":"http:\/\/www.sinturamartinez.com\/nuevaweb\/?page_id=168"},"modified":"2020-08-14T23:16:56","modified_gmt":"2020-08-14T23:16:56","slug":"capacitaciones","status":"publish","type":"page","link":"https:\/\/www.sinturamartinez.com\/nuevaweb\/capacitaciones\/","title":{"rendered":"Capacitaciones"},"content":{"rendered":"\t\t<div data-elementor-type=\"wp-page\" data-elementor-id=\"168\" class=\"elementor elementor-168\" data-elementor-settings=\"[]\">\n\t\t\t\t\t\t<div class=\"elementor-inner\">\n\t\t\t\t\t\t\t<div class=\"elementor-section-wrap\">\n\t\t\t\t\t\t\t<section class=\"elementor-section elementor-top-section elementor-element elementor-element-71746598 elementor-section-height-min-height elementor-section-boxed elementor-section-height-default elementor-section-items-middle\" data-id=\"71746598\" data-element_type=\"section\" data-settings=\"{&quot;background_background&quot;:&quot;classic&quot;}\">\n\t\t\t\t\t\t\t<div class=\"elementor-background-overlay\"><\/div>\n\t\t\t\t\t\t\t<div class=\"elementor-container elementor-column-gap-default\">\n\t\t\t\t\t\t\t<div class=\"elementor-row\">\n\t\t\t\t\t<div class=\"elementor-column elementor-col-100 elementor-top-column elementor-element elementor-element-170feec8\" data-id=\"170feec8\" data-element_type=\"column\">\n\t\t\t<div class=\"elementor-column-wrap elementor-element-populated\">\n\t\t\t\t\t\t\t<div class=\"elementor-widget-wrap\">\n\t\t\t\t\t\t<div class=\"elementor-element elementor-element-77180b07 elementor-view-framed elementor-shape-circle elementor-widget elementor-widget-icon\" data-id=\"77180b07\" data-element_type=\"widget\" data-widget_type=\"icon.default\">\n\t\t\t\t<div class=\"elementor-widget-container\">\n\t\t\t\t\t<div class=\"elementor-icon-wrapper\">\n\t\t\t<div class=\"elementor-icon\">\n\t\t\t<i aria-hidden=\"true\" class=\"fas fa-chalkboard-teacher\"><\/i>\t\t\t<\/div>\n\t\t<\/div>\n\t\t\t\t<\/div>\n\t\t\t\t<\/div>\n\t\t\t\t<div class=\"elementor-element elementor-element-2888e594 elementor-widget elementor-widget-heading\" data-id=\"2888e594\" data-element_type=\"widget\" data-widget_type=\"heading.default\">\n\t\t\t\t<div class=\"elementor-widget-container\">\n\t\t\t<h1 class=\"elementor-heading-title elementor-size-default\">Capacitaciones<\/h1>\t\t<\/div>\n\t\t\t\t<\/div>\n\t\t\t\t\t\t<\/div>\n\t\t\t\t\t<\/div>\n\t\t<\/div>\n\t\t\t\t\t\t\t\t<\/div>\n\t\t\t\t\t<\/div>\n\t\t<\/section>\n\t\t\t\t<section class=\"elementor-section elementor-top-section elementor-element elementor-element-40c62bb3 elementor-section-boxed elementor-section-height-default elementor-section-height-default\" data-id=\"40c62bb3\" data-element_type=\"section\">\n\t\t\t\t\t\t<div class=\"elementor-container elementor-column-gap-no\">\n\t\t\t\t\t\t\t<div class=\"elementor-row\">\n\t\t\t\t\t<div class=\"elementor-column elementor-col-100 elementor-top-column elementor-element elementor-element-780a1823\" data-id=\"780a1823\" data-element_type=\"column\">\n\t\t\t<div class=\"elementor-column-wrap elementor-element-populated\">\n\t\t\t\t\t\t\t<div class=\"elementor-widget-wrap\">\n\t\t\t\t\t\t<section class=\"elementor-section elementor-inner-section elementor-element elementor-element-24e547fb elementor-section-boxed elementor-section-height-default elementor-section-height-default\" data-id=\"24e547fb\" data-element_type=\"section\">\n\t\t\t\t\t\t<div class=\"elementor-container elementor-column-gap-wide\">\n\t\t\t\t\t\t\t<div class=\"elementor-row\">\n\t\t\t\t\t<div class=\"elementor-column elementor-col-50 elementor-inner-column elementor-element elementor-element-7bdd0d99\" data-id=\"7bdd0d99\" data-element_type=\"column\">\n\t\t\t<div class=\"elementor-column-wrap elementor-element-populated\">\n\t\t\t\t\t\t\t<div class=\"elementor-widget-wrap\">\n\t\t\t\t\t\t<div class=\"elementor-element elementor-element-7ecd3f88 elementor-widget elementor-widget-text-editor\" data-id=\"7ecd3f88\" data-element_type=\"widget\" data-widget_type=\"text-editor.default\">\n\t\t\t\t<div class=\"elementor-widget-container\">\n\t\t\t\t\t<div class=\"elementor-text-editor elementor-clearfix\"><p>Para lograr la implementaci\u00f3n efectiva de cualquier programa de administraci\u00f3n de riesgos penales es preciso llevar a cabo un plan de capacitaci\u00f3n a todos los colaboradores de la empresa. Nuestra experiencia nos permite acompa\u00f1ar los procesos de formaci\u00f3n y capacitaci\u00f3n de una organizaci\u00f3n en programas de prevenci\u00f3n antilavado de activos y contra la financiaci\u00f3n del terrorismo; programas anticorrupci\u00f3n, antisoborno y prevenci\u00f3n del fraude; y programas para la gesti\u00f3n del riesgo de extinci\u00f3n de dominio.<\/p><\/div>\n\t\t\t\t<\/div>\n\t\t\t\t<\/div>\n\t\t\t\t\t\t<\/div>\n\t\t\t\t\t<\/div>\n\t\t<\/div>\n\t\t\t\t<div class=\"elementor-column elementor-col-50 elementor-inner-column elementor-element elementor-element-6b8a6935\" data-id=\"6b8a6935\" data-element_type=\"column\">\n\t\t\t<div class=\"elementor-column-wrap elementor-element-populated\">\n\t\t\t\t\t\t\t<div class=\"elementor-widget-wrap\">\n\t\t\t\t\t\t<div class=\"elementor-element elementor-element-25fe5b03 elementor-invisible elementor-widget elementor-widget-tfclippingmask\" data-id=\"25fe5b03\" data-element_type=\"widget\" data-settings=\"{&quot;_animation&quot;:&quot;fadeInRight&quot;}\" data-widget_type=\"tfclippingmask.default\">\n\t\t\t\t<div class=\"elementor-widget-container\">\n\t\t\t<div class=\"tf-clipping-mask\"> \r\n                <div class=\"image-clipping-mask\">                \t\r\n                \t<div class=\"image\"><\/div>\r\n                \t<div class=\"overlay-image\"><\/div>\r\n                <\/div>\r\n                <div class=\"content\">\r\n\t                \r\n\t                \r\n\t\t\t\t<\/div>\r\n            <\/div>\t\t<\/div>\n\t\t\t\t<\/div>\n\t\t\t\t\t\t<\/div>\n\t\t\t\t\t<\/div>\n\t\t<\/div>\n\t\t\t\t\t\t\t\t<\/div>\n\t\t\t\t\t<\/div>\n\t\t<\/section>\n\t\t\t\t<div class=\"elementor-element elementor-element-5567086f elementor-widget-divider--view-line elementor-invisible elementor-widget elementor-widget-divider\" data-id=\"5567086f\" data-element_type=\"widget\" data-settings=\"{&quot;_animation&quot;:&quot;fadeInLeft&quot;}\" data-widget_type=\"divider.default\">\n\t\t\t\t<div class=\"elementor-widget-container\">\n\t\t\t\t\t<div class=\"elementor-divider\">\n\t\t\t<span class=\"elementor-divider-separator\">\n\t\t\t\t\t\t<\/span>\n\t\t<\/div>\n\t\t\t\t<\/div>\n\t\t\t\t<\/div>\n\t\t\t\t\t\t<\/div>\n\t\t\t\t\t<\/div>\n\t\t<\/div>\n\t\t\t\t\t\t\t\t<\/div>\n\t\t\t\t\t<\/div>\n\t\t<\/section>\n\t\t\t\t\t\t<\/div>\n\t\t\t\t\t\t<\/div>\n\t\t\t\t\t<\/div>\n\t\t","protected":false},"excerpt":{"rendered":"<p>Para lograr la implementaci\u00f3n efectiva de cualquier programa de administraci\u00f3n de riesgos penales es preciso llevar a cabo un plan de capacitaci\u00f3n a todos los colaboradores de la empresa. Nuestra experiencia nos permite acompa\u00f1ar los procesos de formaci\u00f3n y capacitaci\u00f3n de una organizaci\u00f3n en programas de prevenci\u00f3n antilavado de activos y contra la financiaci\u00f3n del &hellip;<\/p>\n<p class=\"read-more\"> <a class=\"\" href=\"https:\/\/www.sinturamartinez.com\/nuevaweb\/capacitaciones\/\"> <span class=\"screen-reader-text\">Capacitaciones<\/span> Leer m\u00e1s &raquo;<\/a><\/p>\n","protected":false},"author":1,"featured_media":0,"parent":0,"menu_order":0,"comment_status":"closed","ping_status":"closed","template":"elementor_header_footer","meta":[],"_links":{"self":[{"href":"https:\/\/www.sinturamartinez.com\/nuevaweb\/wp-json\/wp\/v2\/pages\/168"}],"collection":[{"href":"https:\/\/www.sinturamartinez.com\/nuevaweb\/wp-json\/wp\/v2\/pages"}],"about":[{"href":"https:\/\/www.sinturamartinez.com\/nuevaweb\/wp-json\/wp\/v2\/types\/page"}],"author":[{"embeddable":true,"href":"https:\/\/www.sinturamartinez.com\/nuevaweb\/wp-json\/wp\/v2\/users\/1"}],"replies":[{"embeddable":true,"href":"https:\/\/www.sinturamartinez.com\/nuevaweb\/wp-json\/wp\/v2\/comments?post=168"}],"version-history":[{"count":4,"href":"https:\/\/www.sinturamartinez.com\/nuevaweb\/wp-json\/wp\/v2\/pages\/168\/revisions"}],"predecessor-version":[{"id":538,"href":"https:\/\/www.sinturamartinez.com\/nuevaweb\/wp-json\/wp\/v2\/pages\/168\/revisions\/538"}],"wp:attachment":[{"href":"https:\/\/www.sinturamartinez.com\/nuevaweb\/wp-json\/wp\/v2\/media?parent=168"}],"curies":[{"name":"wp","href":"https:\/\/api.w.org\/{rel}","templated":true}]}}