{"id":166,"date":"2020-06-23T17:22:45","date_gmt":"2020-06-23T17:22:45","guid":{"rendered":"http:\/\/www.sinturamartinez.com\/nuevaweb\/?page_id=166"},"modified":"2020-08-14T23:15:35","modified_gmt":"2020-08-14T23:15:35","slug":"consultoria-riesgo-penal-tributario","status":"publish","type":"page","link":"https:\/\/www.sinturamartinez.com\/nuevaweb\/consultoria-riesgo-penal-tributario\/","title":{"rendered":"Consultor\u00eda riesgo penal tributario"},"content":{"rendered":"\t\t<div data-elementor-type=\"wp-page\" data-elementor-id=\"166\" class=\"elementor elementor-166\" data-elementor-settings=\"[]\">\n\t\t\t\t\t\t<div class=\"elementor-inner\">\n\t\t\t\t\t\t\t<div class=\"elementor-section-wrap\">\n\t\t\t\t\t\t\t<section class=\"elementor-section elementor-top-section elementor-element elementor-element-2135a883 elementor-section-height-min-height elementor-section-boxed elementor-section-height-default elementor-section-items-middle\" data-id=\"2135a883\" data-element_type=\"section\" data-settings=\"{&quot;background_background&quot;:&quot;classic&quot;}\">\n\t\t\t\t\t\t\t<div class=\"elementor-background-overlay\"><\/div>\n\t\t\t\t\t\t\t<div class=\"elementor-container elementor-column-gap-default\">\n\t\t\t\t\t\t\t<div class=\"elementor-row\">\n\t\t\t\t\t<div class=\"elementor-column elementor-col-100 elementor-top-column elementor-element elementor-element-6592728f\" data-id=\"6592728f\" data-element_type=\"column\">\n\t\t\t<div class=\"elementor-column-wrap elementor-element-populated\">\n\t\t\t\t\t\t\t<div class=\"elementor-widget-wrap\">\n\t\t\t\t\t\t<div class=\"elementor-element elementor-element-2aa1e03c elementor-view-framed elementor-shape-circle elementor-widget elementor-widget-icon\" data-id=\"2aa1e03c\" data-element_type=\"widget\" data-widget_type=\"icon.default\">\n\t\t\t\t<div class=\"elementor-widget-container\">\n\t\t\t\t\t<div class=\"elementor-icon-wrapper\">\n\t\t\t<div class=\"elementor-icon\">\n\t\t\t<i aria-hidden=\"true\" class=\"fas fa-gavel\"><\/i>\t\t\t<\/div>\n\t\t<\/div>\n\t\t\t\t<\/div>\n\t\t\t\t<\/div>\n\t\t\t\t<div class=\"elementor-element elementor-element-135bdcf7 elementor-widget elementor-widget-heading\" data-id=\"135bdcf7\" data-element_type=\"widget\" data-widget_type=\"heading.default\">\n\t\t\t\t<div class=\"elementor-widget-container\">\n\t\t\t<h1 class=\"elementor-heading-title elementor-size-default\">Consultor\u00eda riesgo penal tributario<\/h1>\t\t<\/div>\n\t\t\t\t<\/div>\n\t\t\t\t\t\t<\/div>\n\t\t\t\t\t<\/div>\n\t\t<\/div>\n\t\t\t\t\t\t\t\t<\/div>\n\t\t\t\t\t<\/div>\n\t\t<\/section>\n\t\t\t\t<section class=\"elementor-section elementor-top-section elementor-element elementor-element-128fba70 elementor-section-boxed elementor-section-height-default elementor-section-height-default\" data-id=\"128fba70\" data-element_type=\"section\">\n\t\t\t\t\t\t<div class=\"elementor-container elementor-column-gap-no\">\n\t\t\t\t\t\t\t<div class=\"elementor-row\">\n\t\t\t\t\t<div class=\"elementor-column elementor-col-100 elementor-top-column elementor-element elementor-element-6c414341\" data-id=\"6c414341\" data-element_type=\"column\">\n\t\t\t<div class=\"elementor-column-wrap elementor-element-populated\">\n\t\t\t\t\t\t\t<div class=\"elementor-widget-wrap\">\n\t\t\t\t\t\t<section class=\"elementor-section elementor-inner-section elementor-element elementor-element-49877151 elementor-section-boxed elementor-section-height-default elementor-section-height-default\" data-id=\"49877151\" data-element_type=\"section\">\n\t\t\t\t\t\t<div class=\"elementor-container elementor-column-gap-wide\">\n\t\t\t\t\t\t\t<div class=\"elementor-row\">\n\t\t\t\t\t<div class=\"elementor-column elementor-col-50 elementor-inner-column elementor-element elementor-element-1c40f305\" data-id=\"1c40f305\" data-element_type=\"column\">\n\t\t\t<div class=\"elementor-column-wrap elementor-element-populated\">\n\t\t\t\t\t\t\t<div class=\"elementor-widget-wrap\">\n\t\t\t\t\t\t<div class=\"elementor-element elementor-element-148d411a elementor-invisible elementor-widget elementor-widget-tfclippingmask\" data-id=\"148d411a\" data-element_type=\"widget\" data-settings=\"{&quot;_animation&quot;:&quot;fadeInLeft&quot;}\" data-widget_type=\"tfclippingmask.default\">\n\t\t\t\t<div class=\"elementor-widget-container\">\n\t\t\t<div class=\"tf-clipping-mask\"> \r\n                <div class=\"image-clipping-mask\">                \t\r\n                \t<div class=\"image\"><\/div>\r\n                \t<div class=\"overlay-image\"><\/div>\r\n                <\/div>\r\n                <div class=\"content\">\r\n\t                \r\n\t                \r\n\t\t\t\t<\/div>\r\n            <\/div>\t\t<\/div>\n\t\t\t\t<\/div>\n\t\t\t\t\t\t<\/div>\n\t\t\t\t\t<\/div>\n\t\t<\/div>\n\t\t\t\t<div class=\"elementor-column elementor-col-50 elementor-inner-column elementor-element elementor-element-3ac05cf4\" data-id=\"3ac05cf4\" data-element_type=\"column\">\n\t\t\t<div class=\"elementor-column-wrap elementor-element-populated\">\n\t\t\t\t\t\t\t<div class=\"elementor-widget-wrap\">\n\t\t\t\t\t\t<div class=\"elementor-element elementor-element-17126a8b elementor-widget elementor-widget-text-editor\" data-id=\"17126a8b\" data-element_type=\"widget\" data-widget_type=\"text-editor.default\">\n\t\t\t\t<div class=\"elementor-widget-container\">\n\t\t\t\t\t<div class=\"elementor-text-editor elementor-clearfix\"><p>Hoy en d\u00eda surgen nuevos riesgos que exigen del sector empresarial de Colombia la implementaci\u00f3n de pr\u00e1cticas corporativas que optimicen el adecuado registro de los libros de contabilidad y la adecuada declaraci\u00f3n de la informaci\u00f3n que all\u00ed se incorpora para ser presentada ante la DIAN. Por ello, acompa\u00f1amos a nuestros clientes en el dise\u00f1o y la consolidaci\u00f3n de pol\u00edticas corporativas que permitan a las empresas administrar los riesgos penales tributarios.<\/p><\/div>\n\t\t\t\t<\/div>\n\t\t\t\t<\/div>\n\t\t\t\t\t\t<\/div>\n\t\t\t\t\t<\/div>\n\t\t<\/div>\n\t\t\t\t\t\t\t\t<\/div>\n\t\t\t\t\t<\/div>\n\t\t<\/section>\n\t\t\t\t<div class=\"elementor-element elementor-element-121c4efd elementor-widget-divider--view-line elementor-invisible elementor-widget elementor-widget-divider\" data-id=\"121c4efd\" data-element_type=\"widget\" data-settings=\"{&quot;_animation&quot;:&quot;fadeInLeft&quot;}\" data-widget_type=\"divider.default\">\n\t\t\t\t<div class=\"elementor-widget-container\">\n\t\t\t\t\t<div class=\"elementor-divider\">\n\t\t\t<span class=\"elementor-divider-separator\">\n\t\t\t\t\t\t<\/span>\n\t\t<\/div>\n\t\t\t\t<\/div>\n\t\t\t\t<\/div>\n\t\t\t\t\t\t<\/div>\n\t\t\t\t\t<\/div>\n\t\t<\/div>\n\t\t\t\t\t\t\t\t<\/div>\n\t\t\t\t\t<\/div>\n\t\t<\/section>\n\t\t\t\t\t\t<\/div>\n\t\t\t\t\t\t<\/div>\n\t\t\t\t\t<\/div>\n\t\t","protected":false},"excerpt":{"rendered":"<p>Hoy en d\u00eda surgen nuevos riesgos que exigen del sector empresarial de Colombia la implementaci\u00f3n de pr\u00e1cticas corporativas que optimicen el adecuado registro de los libros de contabilidad y la adecuada declaraci\u00f3n de la informaci\u00f3n que all\u00ed se incorpora para ser presentada ante la DIAN. Por ello, acompa\u00f1amos a nuestros clientes en el dise\u00f1o y &hellip;<\/p>\n<p class=\"read-more\"> <a class=\"\" href=\"https:\/\/www.sinturamartinez.com\/nuevaweb\/consultoria-riesgo-penal-tributario\/\"> <span class=\"screen-reader-text\">Consultor\u00eda riesgo penal tributario<\/span> Leer m\u00e1s &raquo;<\/a><\/p>\n","protected":false},"author":1,"featured_media":0,"parent":0,"menu_order":0,"comment_status":"closed","ping_status":"closed","template":"elementor_header_footer","meta":[],"_links":{"self":[{"href":"https:\/\/www.sinturamartinez.com\/nuevaweb\/wp-json\/wp\/v2\/pages\/166"}],"collection":[{"href":"https:\/\/www.sinturamartinez.com\/nuevaweb\/wp-json\/wp\/v2\/pages"}],"about":[{"href":"https:\/\/www.sinturamartinez.com\/nuevaweb\/wp-json\/wp\/v2\/types\/page"}],"author":[{"embeddable":true,"href":"https:\/\/www.sinturamartinez.com\/nuevaweb\/wp-json\/wp\/v2\/users\/1"}],"replies":[{"embeddable":true,"href":"https:\/\/www.sinturamartinez.com\/nuevaweb\/wp-json\/wp\/v2\/comments?post=166"}],"version-history":[{"count":6,"href":"https:\/\/www.sinturamartinez.com\/nuevaweb\/wp-json\/wp\/v2\/pages\/166\/revisions"}],"predecessor-version":[{"id":537,"href":"https:\/\/www.sinturamartinez.com\/nuevaweb\/wp-json\/wp\/v2\/pages\/166\/revisions\/537"}],"wp:attachment":[{"href":"https:\/\/www.sinturamartinez.com\/nuevaweb\/wp-json\/wp\/v2\/media?parent=166"}],"curies":[{"name":"wp","href":"https:\/\/api.w.org\/{rel}","templated":true}]}}