{"id":155,"date":"2020-06-23T17:18:45","date_gmt":"2020-06-23T17:18:45","guid":{"rendered":"http:\/\/www.sinturamartinez.com\/nuevaweb\/?page_id=155"},"modified":"2020-08-14T23:12:56","modified_gmt":"2020-08-14T23:12:56","slug":"gestion-del-riesgo-de-extincion-de-dominio","status":"publish","type":"page","link":"https:\/\/www.sinturamartinez.com\/nuevaweb\/gestion-del-riesgo-de-extincion-de-dominio\/","title":{"rendered":"Gesti\u00f3n del riesgo de extinci\u00f3n de dominio"},"content":{"rendered":"\t\t<div data-elementor-type=\"wp-page\" data-elementor-id=\"155\" class=\"elementor elementor-155\" data-elementor-settings=\"[]\">\n\t\t\t\t\t\t<div class=\"elementor-inner\">\n\t\t\t\t\t\t\t<div class=\"elementor-section-wrap\">\n\t\t\t\t\t\t\t<section class=\"elementor-section elementor-top-section elementor-element elementor-element-725d20b4 elementor-section-height-min-height elementor-section-boxed elementor-section-height-default elementor-section-items-middle\" data-id=\"725d20b4\" data-element_type=\"section\" data-settings=\"{&quot;background_background&quot;:&quot;classic&quot;}\">\n\t\t\t\t\t\t\t<div class=\"elementor-background-overlay\"><\/div>\n\t\t\t\t\t\t\t<div class=\"elementor-container elementor-column-gap-default\">\n\t\t\t\t\t\t\t<div class=\"elementor-row\">\n\t\t\t\t\t<div class=\"elementor-column elementor-col-100 elementor-top-column elementor-element elementor-element-193b37f9\" data-id=\"193b37f9\" data-element_type=\"column\">\n\t\t\t<div class=\"elementor-column-wrap elementor-element-populated\">\n\t\t\t\t\t\t\t<div class=\"elementor-widget-wrap\">\n\t\t\t\t\t\t<div class=\"elementor-element elementor-element-115c5ee6 elementor-view-framed elementor-shape-circle elementor-widget elementor-widget-icon\" data-id=\"115c5ee6\" data-element_type=\"widget\" data-widget_type=\"icon.default\">\n\t\t\t\t<div class=\"elementor-widget-container\">\n\t\t\t\t\t<div class=\"elementor-icon-wrapper\">\n\t\t\t<div class=\"elementor-icon\">\n\t\t\t<i aria-hidden=\"true\" class=\"fas fa-chess\"><\/i>\t\t\t<\/div>\n\t\t<\/div>\n\t\t\t\t<\/div>\n\t\t\t\t<\/div>\n\t\t\t\t<div class=\"elementor-element elementor-element-782586a8 elementor-widget elementor-widget-heading\" data-id=\"782586a8\" data-element_type=\"widget\" data-widget_type=\"heading.default\">\n\t\t\t\t<div class=\"elementor-widget-container\">\n\t\t\t<h1 class=\"elementor-heading-title elementor-size-default\">Gesti\u00f3n del riesgo de extinci\u00f3n de dominio<\/h1>\t\t<\/div>\n\t\t\t\t<\/div>\n\t\t\t\t\t\t<\/div>\n\t\t\t\t\t<\/div>\n\t\t<\/div>\n\t\t\t\t\t\t\t\t<\/div>\n\t\t\t\t\t<\/div>\n\t\t<\/section>\n\t\t\t\t<section class=\"elementor-section elementor-top-section elementor-element elementor-element-2805ed elementor-section-boxed elementor-section-height-default elementor-section-height-default\" data-id=\"2805ed\" data-element_type=\"section\">\n\t\t\t\t\t\t<div class=\"elementor-container elementor-column-gap-no\">\n\t\t\t\t\t\t\t<div class=\"elementor-row\">\n\t\t\t\t\t<div class=\"elementor-column elementor-col-100 elementor-top-column elementor-element elementor-element-79566ad4\" data-id=\"79566ad4\" data-element_type=\"column\">\n\t\t\t<div class=\"elementor-column-wrap elementor-element-populated\">\n\t\t\t\t\t\t\t<div class=\"elementor-widget-wrap\">\n\t\t\t\t\t\t<section class=\"elementor-section elementor-inner-section elementor-element elementor-element-33a983e2 elementor-section-boxed elementor-section-height-default elementor-section-height-default\" data-id=\"33a983e2\" data-element_type=\"section\">\n\t\t\t\t\t\t<div class=\"elementor-container elementor-column-gap-wide\">\n\t\t\t\t\t\t\t<div class=\"elementor-row\">\n\t\t\t\t\t<div class=\"elementor-column elementor-col-50 elementor-inner-column elementor-element elementor-element-4d2eb792\" data-id=\"4d2eb792\" data-element_type=\"column\">\n\t\t\t<div class=\"elementor-column-wrap elementor-element-populated\">\n\t\t\t\t\t\t\t<div class=\"elementor-widget-wrap\">\n\t\t\t\t\t\t<div class=\"elementor-element elementor-element-128935f0 elementor-invisible elementor-widget elementor-widget-tfclippingmask\" data-id=\"128935f0\" data-element_type=\"widget\" data-settings=\"{&quot;_animation&quot;:&quot;fadeInLeft&quot;}\" data-widget_type=\"tfclippingmask.default\">\n\t\t\t\t<div class=\"elementor-widget-container\">\n\t\t\t<div class=\"tf-clipping-mask\"> \r\n                <div class=\"image-clipping-mask\">                \t\r\n                \t<div class=\"image\"><\/div>\r\n                \t<div class=\"overlay-image\"><\/div>\r\n                <\/div>\r\n                <div class=\"content\">\r\n\t                \r\n\t                \r\n\t\t\t\t<\/div>\r\n            <\/div>\t\t<\/div>\n\t\t\t\t<\/div>\n\t\t\t\t\t\t<\/div>\n\t\t\t\t\t<\/div>\n\t\t<\/div>\n\t\t\t\t<div class=\"elementor-column elementor-col-50 elementor-inner-column elementor-element elementor-element-68a2e473\" data-id=\"68a2e473\" data-element_type=\"column\">\n\t\t\t<div class=\"elementor-column-wrap elementor-element-populated\">\n\t\t\t\t\t\t\t<div class=\"elementor-widget-wrap\">\n\t\t\t\t\t\t<div class=\"elementor-element elementor-element-19fd55db elementor-widget elementor-widget-text-editor\" data-id=\"19fd55db\" data-element_type=\"widget\" data-widget_type=\"text-editor.default\">\n\t\t\t\t<div class=\"elementor-widget-container\">\n\t\t\t\t\t<div class=\"elementor-text-editor elementor-clearfix\"><p>Con el apoyo de la capacidad tecnol\u00f3gica de las bases de datos de listas restrictivas ofrecemos la consulta y revisi\u00f3n en fuentes de informaci\u00f3n de inmuebles y personas presentes en la cadena de tradici\u00f3n a efectos de identificar se\u00f1ales de alerta que permitan suponer un riesgo LA\/FT y\/o de Extinci\u00f3n de Dominio en las operaciones comerciales que se realicen sobre estos bienes.<\/p><\/div>\n\t\t\t\t<\/div>\n\t\t\t\t<\/div>\n\t\t\t\t\t\t<\/div>\n\t\t\t\t\t<\/div>\n\t\t<\/div>\n\t\t\t\t\t\t\t\t<\/div>\n\t\t\t\t\t<\/div>\n\t\t<\/section>\n\t\t\t\t<div class=\"elementor-element elementor-element-4d0bc027 elementor-widget-divider--view-line elementor-invisible elementor-widget elementor-widget-divider\" data-id=\"4d0bc027\" data-element_type=\"widget\" data-settings=\"{&quot;_animation&quot;:&quot;fadeInLeft&quot;}\" data-widget_type=\"divider.default\">\n\t\t\t\t<div class=\"elementor-widget-container\">\n\t\t\t\t\t<div class=\"elementor-divider\">\n\t\t\t<span class=\"elementor-divider-separator\">\n\t\t\t\t\t\t<\/span>\n\t\t<\/div>\n\t\t\t\t<\/div>\n\t\t\t\t<\/div>\n\t\t\t\t\t\t<\/div>\n\t\t\t\t\t<\/div>\n\t\t<\/div>\n\t\t\t\t\t\t\t\t<\/div>\n\t\t\t\t\t<\/div>\n\t\t<\/section>\n\t\t\t\t\t\t<\/div>\n\t\t\t\t\t\t<\/div>\n\t\t\t\t\t<\/div>\n\t\t","protected":false},"excerpt":{"rendered":"<p>Con el apoyo de la capacidad tecnol\u00f3gica de las bases de datos de listas restrictivas ofrecemos la consulta y revisi\u00f3n en fuentes de informaci\u00f3n de inmuebles y personas presentes en la cadena de tradici\u00f3n a efectos de identificar se\u00f1ales de alerta que permitan suponer un riesgo LA\/FT y\/o de Extinci\u00f3n de Dominio en las operaciones &hellip;<\/p>\n<p class=\"read-more\"> <a class=\"\" href=\"https:\/\/www.sinturamartinez.com\/nuevaweb\/gestion-del-riesgo-de-extincion-de-dominio\/\"> <span class=\"screen-reader-text\">Gesti\u00f3n del riesgo de extinci\u00f3n de dominio<\/span> Leer m\u00e1s &raquo;<\/a><\/p>\n","protected":false},"author":1,"featured_media":0,"parent":0,"menu_order":0,"comment_status":"closed","ping_status":"closed","template":"elementor_header_footer","meta":[],"_links":{"self":[{"href":"https:\/\/www.sinturamartinez.com\/nuevaweb\/wp-json\/wp\/v2\/pages\/155"}],"collection":[{"href":"https:\/\/www.sinturamartinez.com\/nuevaweb\/wp-json\/wp\/v2\/pages"}],"about":[{"href":"https:\/\/www.sinturamartinez.com\/nuevaweb\/wp-json\/wp\/v2\/types\/page"}],"author":[{"embeddable":true,"href":"https:\/\/www.sinturamartinez.com\/nuevaweb\/wp-json\/wp\/v2\/users\/1"}],"replies":[{"embeddable":true,"href":"https:\/\/www.sinturamartinez.com\/nuevaweb\/wp-json\/wp\/v2\/comments?post=155"}],"version-history":[{"count":9,"href":"https:\/\/www.sinturamartinez.com\/nuevaweb\/wp-json\/wp\/v2\/pages\/155\/revisions"}],"predecessor-version":[{"id":535,"href":"https:\/\/www.sinturamartinez.com\/nuevaweb\/wp-json\/wp\/v2\/pages\/155\/revisions\/535"}],"wp:attachment":[{"href":"https:\/\/www.sinturamartinez.com\/nuevaweb\/wp-json\/wp\/v2\/media?parent=155"}],"curies":[{"name":"wp","href":"https:\/\/api.w.org\/{rel}","templated":true}]}}