{"id":108,"date":"2020-06-18T19:39:54","date_gmt":"2020-06-18T19:39:54","guid":{"rendered":"http:\/\/www.sinturamartinez.com\/nuevaweb\/?page_id=108"},"modified":"2020-08-11T20:42:39","modified_gmt":"2020-08-11T20:42:39","slug":"gestion-del-riesgo-de-lavado-de-activos-y-financiacion-del-terrorismo","status":"publish","type":"page","link":"https:\/\/www.sinturamartinez.com\/nuevaweb\/gestion-del-riesgo-de-lavado-de-activos-y-financiacion-del-terrorismo\/","title":{"rendered":"Gesti\u00f3n de Riesgo LA\/FT"},"content":{"rendered":"\t\t<div data-elementor-type=\"wp-page\" data-elementor-id=\"108\" class=\"elementor elementor-108\" data-elementor-settings=\"[]\">\n\t\t\t\t\t\t<div class=\"elementor-inner\">\n\t\t\t\t\t\t\t<div class=\"elementor-section-wrap\">\n\t\t\t\t\t\t\t<section class=\"elementor-section elementor-top-section elementor-element elementor-element-2aea214 elementor-section-height-min-height elementor-section-boxed elementor-section-height-default elementor-section-items-middle\" data-id=\"2aea214\" data-element_type=\"section\" data-settings=\"{&quot;background_background&quot;:&quot;classic&quot;}\">\n\t\t\t\t\t\t\t<div class=\"elementor-background-overlay\"><\/div>\n\t\t\t\t\t\t\t<div class=\"elementor-container elementor-column-gap-default\">\n\t\t\t\t\t\t\t<div class=\"elementor-row\">\n\t\t\t\t\t<div class=\"elementor-column elementor-col-100 elementor-top-column elementor-element elementor-element-7ca418c\" data-id=\"7ca418c\" data-element_type=\"column\">\n\t\t\t<div class=\"elementor-column-wrap elementor-element-populated\">\n\t\t\t\t\t\t\t<div class=\"elementor-widget-wrap\">\n\t\t\t\t\t\t<div class=\"elementor-element elementor-element-f225017 elementor-view-framed elementor-shape-circle elementor-widget elementor-widget-icon\" data-id=\"f225017\" data-element_type=\"widget\" data-widget_type=\"icon.default\">\n\t\t\t\t<div class=\"elementor-widget-container\">\n\t\t\t\t\t<div class=\"elementor-icon-wrapper\">\n\t\t\t<div class=\"elementor-icon\">\n\t\t\t<i aria-hidden=\"true\" class=\"far fa-lightbulb\"><\/i>\t\t\t<\/div>\n\t\t<\/div>\n\t\t\t\t<\/div>\n\t\t\t\t<\/div>\n\t\t\t\t<div class=\"elementor-element elementor-element-2fa210f elementor-widget elementor-widget-heading\" data-id=\"2fa210f\" data-element_type=\"widget\" data-widget_type=\"heading.default\">\n\t\t\t\t<div class=\"elementor-widget-container\">\n\t\t\t<h1 class=\"elementor-heading-title elementor-size-default\">Gesti\u00f3n de Riesgo LA\/FT<\/h1>\t\t<\/div>\n\t\t\t\t<\/div>\n\t\t\t\t\t\t<\/div>\n\t\t\t\t\t<\/div>\n\t\t<\/div>\n\t\t\t\t\t\t\t\t<\/div>\n\t\t\t\t\t<\/div>\n\t\t<\/section>\n\t\t\t\t<section class=\"elementor-section elementor-top-section elementor-element elementor-element-8551079 elementor-section-boxed elementor-section-height-default elementor-section-height-default\" data-id=\"8551079\" data-element_type=\"section\">\n\t\t\t\t\t\t<div class=\"elementor-container elementor-column-gap-no\">\n\t\t\t\t\t\t\t<div class=\"elementor-row\">\n\t\t\t\t\t<div class=\"elementor-column elementor-col-100 elementor-top-column elementor-element elementor-element-44de8c5\" data-id=\"44de8c5\" data-element_type=\"column\">\n\t\t\t<div class=\"elementor-column-wrap elementor-element-populated\">\n\t\t\t\t\t\t\t<div class=\"elementor-widget-wrap\">\n\t\t\t\t\t\t<section class=\"elementor-section elementor-inner-section elementor-element elementor-element-2fb30bd elementor-section-boxed elementor-section-height-default elementor-section-height-default\" data-id=\"2fb30bd\" data-element_type=\"section\">\n\t\t\t\t\t\t<div class=\"elementor-container elementor-column-gap-wide\">\n\t\t\t\t\t\t\t<div class=\"elementor-row\">\n\t\t\t\t\t<div class=\"elementor-column elementor-col-50 elementor-inner-column elementor-element elementor-element-4fc1c04\" data-id=\"4fc1c04\" data-element_type=\"column\">\n\t\t\t<div class=\"elementor-column-wrap elementor-element-populated\">\n\t\t\t\t\t\t\t<div class=\"elementor-widget-wrap\">\n\t\t\t\t\t\t<div class=\"elementor-element elementor-element-6d3be7c elementor-invisible elementor-widget elementor-widget-heading\" data-id=\"6d3be7c\" data-element_type=\"widget\" data-settings=\"{&quot;_animation&quot;:&quot;fadeInDown&quot;}\" data-widget_type=\"heading.default\">\n\t\t\t\t<div class=\"elementor-widget-container\">\n\t\t\t<h2 class=\"elementor-heading-title elementor-size-default\">1. Auditoria al programa de prevenci\u00f3n de LA\/FT<\/h2>\t\t<\/div>\n\t\t\t\t<\/div>\n\t\t\t\t<div class=\"elementor-element elementor-element-ced5287 elementor-widget-divider--view-line elementor-widget elementor-widget-divider\" data-id=\"ced5287\" data-element_type=\"widget\" data-widget_type=\"divider.default\">\n\t\t\t\t<div class=\"elementor-widget-container\">\n\t\t\t\t\t<div class=\"elementor-divider\">\n\t\t\t<span class=\"elementor-divider-separator\">\n\t\t\t\t\t\t<\/span>\n\t\t<\/div>\n\t\t\t\t<\/div>\n\t\t\t\t<\/div>\n\t\t\t\t<div class=\"elementor-element elementor-element-2f7b8d1 elementor-widget elementor-widget-text-editor\" data-id=\"2f7b8d1\" data-element_type=\"widget\" data-widget_type=\"text-editor.default\">\n\t\t\t\t<div class=\"elementor-widget-container\">\n\t\t\t\t\t<div class=\"elementor-text-editor elementor-clearfix\"><p>Evaluamos la eficacia de los sistemas de prevenci\u00f3n de lavado de activos y financiaci\u00f3n del terrorismo mediante la aplicaci\u00f3n de una metodolog\u00eda de medici\u00f3n de riesgo dise\u00f1ada por nosotros, a partir del conocimiento de nuestros socios fundadores de m\u00e1s de 30 a\u00f1os . Esta metodolog\u00eda es \u00fanica y nos da la capacidad de ofrecer recomendaciones concretas a nuestros clientes para mejorar la eficacia de su programa de prevenci\u00f3n de lavado de activos, fraude y corrupci\u00f3n.<\/p><\/div>\n\t\t\t\t<\/div>\n\t\t\t\t<\/div>\n\t\t\t\t<div class=\"elementor-element elementor-element-6b49803 elementor-widget elementor-widget-text-editor\" data-id=\"6b49803\" data-element_type=\"widget\" data-widget_type=\"text-editor.default\">\n\t\t\t\t<div class=\"elementor-widget-container\">\n\t\t\t\t\t<div class=\"elementor-text-editor elementor-clearfix\">\n\nUna auditor\u00eda independiente le permite poner de manifiesto a sus grupos de inter\u00e9s que la empresa dispone de un programa de cumplimiento normativo acorde con la realidad operacional de la empresa, que est\u00e1 en funcionamiento y que cumple con las exigencias normativas por la autoridad de inspecci\u00f3n, vigilancia y control seg\u00fan el sector de la econom\u00eda en el que se ubique.\n\nEstamos en capacidad de elaborar un completo informe sobre el estado actual de su programa de cumplimiento, la eficacia del mismo y la satisfacci\u00f3n de la normatividad vigente, as\u00ed como de formular las recomendaciones y sugerencias de mejora.<\/div>\n\t\t\t\t<\/div>\n\t\t\t\t<\/div>\n\t\t\t\t\t\t<\/div>\n\t\t\t\t\t<\/div>\n\t\t<\/div>\n\t\t\t\t<div class=\"elementor-column elementor-col-50 elementor-inner-column elementor-element elementor-element-9e86a58\" data-id=\"9e86a58\" data-element_type=\"column\">\n\t\t\t<div class=\"elementor-column-wrap elementor-element-populated\">\n\t\t\t\t\t\t\t<div class=\"elementor-widget-wrap\">\n\t\t\t\t\t\t<div class=\"elementor-element elementor-element-5624a2b elementor-widget elementor-widget-spacer\" data-id=\"5624a2b\" data-element_type=\"widget\" data-widget_type=\"spacer.default\">\n\t\t\t\t<div class=\"elementor-widget-container\">\n\t\t\t\t\t<div class=\"elementor-spacer\">\n\t\t\t<div class=\"elementor-spacer-inner\"><\/div>\n\t\t<\/div>\n\t\t\t\t<\/div>\n\t\t\t\t<\/div>\n\t\t\t\t<div class=\"elementor-element elementor-element-0d85d52 elementor-invisible elementor-widget elementor-widget-tfclippingmask\" data-id=\"0d85d52\" data-element_type=\"widget\" data-settings=\"{&quot;_animation&quot;:&quot;fadeInRight&quot;}\" data-widget_type=\"tfclippingmask.default\">\n\t\t\t\t<div class=\"elementor-widget-container\">\n\t\t\t<div class=\"tf-clipping-mask\"> \r\n                <div class=\"image-clipping-mask\">                \t\r\n                \t<div class=\"image\"><\/div>\r\n                \t<div class=\"overlay-image\"><\/div>\r\n                <\/div>\r\n                <div class=\"content\">\r\n\t                \r\n\t                \r\n\t\t\t\t<\/div>\r\n            <\/div>\t\t<\/div>\n\t\t\t\t<\/div>\n\t\t\t\t\t\t<\/div>\n\t\t\t\t\t<\/div>\n\t\t<\/div>\n\t\t\t\t\t\t\t\t<\/div>\n\t\t\t\t\t<\/div>\n\t\t<\/section>\n\t\t\t\t<div class=\"elementor-element elementor-element-b3638be elementor-widget-divider--view-line elementor-invisible elementor-widget elementor-widget-divider\" data-id=\"b3638be\" data-element_type=\"widget\" data-settings=\"{&quot;_animation&quot;:&quot;fadeInLeft&quot;}\" data-widget_type=\"divider.default\">\n\t\t\t\t<div class=\"elementor-widget-container\">\n\t\t\t\t\t<div class=\"elementor-divider\">\n\t\t\t<span class=\"elementor-divider-separator\">\n\t\t\t\t\t\t<\/span>\n\t\t<\/div>\n\t\t\t\t<\/div>\n\t\t\t\t<\/div>\n\t\t\t\t\t\t<\/div>\n\t\t\t\t\t<\/div>\n\t\t<\/div>\n\t\t\t\t\t\t\t\t<\/div>\n\t\t\t\t\t<\/div>\n\t\t<\/section>\n\t\t\t\t<section class=\"elementor-section elementor-top-section elementor-element elementor-element-c5933cf elementor-section-boxed elementor-section-height-default elementor-section-height-default\" data-id=\"c5933cf\" data-element_type=\"section\">\n\t\t\t\t\t\t<div class=\"elementor-container elementor-column-gap-no\">\n\t\t\t\t\t\t\t<div class=\"elementor-row\">\n\t\t\t\t\t<div class=\"elementor-column elementor-col-100 elementor-top-column elementor-element elementor-element-0e9985d\" data-id=\"0e9985d\" data-element_type=\"column\">\n\t\t\t<div class=\"elementor-column-wrap elementor-element-populated\">\n\t\t\t\t\t\t\t<div class=\"elementor-widget-wrap\">\n\t\t\t\t\t\t<section class=\"elementor-section elementor-inner-section elementor-element elementor-element-6a28854 elementor-section-boxed elementor-section-height-default elementor-section-height-default\" data-id=\"6a28854\" data-element_type=\"section\">\n\t\t\t\t\t\t<div class=\"elementor-container elementor-column-gap-wide\">\n\t\t\t\t\t\t\t<div class=\"elementor-row\">\n\t\t\t\t\t<div class=\"elementor-column elementor-col-50 elementor-inner-column elementor-element elementor-element-8568e5c\" data-id=\"8568e5c\" data-element_type=\"column\">\n\t\t\t<div class=\"elementor-column-wrap elementor-element-populated\">\n\t\t\t\t\t\t\t<div class=\"elementor-widget-wrap\">\n\t\t\t\t\t\t<div class=\"elementor-element elementor-element-9838416 elementor-invisible elementor-widget elementor-widget-tfclippingmask\" data-id=\"9838416\" data-element_type=\"widget\" data-settings=\"{&quot;_animation&quot;:&quot;fadeInRight&quot;}\" data-widget_type=\"tfclippingmask.default\">\n\t\t\t\t<div class=\"elementor-widget-container\">\n\t\t\t<div class=\"tf-clipping-mask\"> \r\n                <div class=\"image-clipping-mask\">                \t\r\n                \t<div class=\"image\"><\/div>\r\n                \t<div class=\"overlay-image\"><\/div>\r\n                <\/div>\r\n                <div class=\"content\">\r\n\t                \r\n\t                \r\n\t\t\t\t<\/div>\r\n            <\/div>\t\t<\/div>\n\t\t\t\t<\/div>\n\t\t\t\t\t\t<\/div>\n\t\t\t\t\t<\/div>\n\t\t<\/div>\n\t\t\t\t<div class=\"elementor-column elementor-col-50 elementor-inner-column elementor-element elementor-element-b3d19ba\" data-id=\"b3d19ba\" data-element_type=\"column\">\n\t\t\t<div class=\"elementor-column-wrap elementor-element-populated\">\n\t\t\t\t\t\t\t<div class=\"elementor-widget-wrap\">\n\t\t\t\t\t\t<div class=\"elementor-element elementor-element-aa1b7ee elementor-invisible elementor-widget elementor-widget-heading\" data-id=\"aa1b7ee\" data-element_type=\"widget\" data-settings=\"{&quot;_animation&quot;:&quot;fadeInDown&quot;}\" data-widget_type=\"heading.default\">\n\t\t\t\t<div class=\"elementor-widget-container\">\n\t\t\t<h2 class=\"elementor-heading-title elementor-size-default\">2. Dise\u00f1o e implementaci\u00f3n de programa ALA\/AFT<\/h2>\t\t<\/div>\n\t\t\t\t<\/div>\n\t\t\t\t<div class=\"elementor-element elementor-element-3a42c24 elementor-widget-divider--view-line elementor-widget elementor-widget-divider\" data-id=\"3a42c24\" data-element_type=\"widget\" data-widget_type=\"divider.default\">\n\t\t\t\t<div class=\"elementor-widget-container\">\n\t\t\t\t\t<div class=\"elementor-divider\">\n\t\t\t<span class=\"elementor-divider-separator\">\n\t\t\t\t\t\t<\/span>\n\t\t<\/div>\n\t\t\t\t<\/div>\n\t\t\t\t<\/div>\n\t\t\t\t<div class=\"elementor-element elementor-element-2fd5ab7 elementor-widget elementor-widget-text-editor\" data-id=\"2fd5ab7\" data-element_type=\"widget\" data-widget_type=\"text-editor.default\">\n\t\t\t\t<div class=\"elementor-widget-container\">\n\t\t\t\t\t<div class=\"elementor-text-editor elementor-clearfix\"><p>Acompa\u00f1amos a nuestros clientes a dise\u00f1ar e implementar programas de cumplimiento de prevenci\u00f3n de lavado de activos y financiaci\u00f3n del terrorismo que se ajustan a las necesidades de su empresa, seg\u00fan el sector de la econom\u00eda en el que desarrolle su actividad comercial. Nuestros servicios incluyen el dise\u00f1o y puesta en funcionamiento de los\u00a0programas de cumplimiento antilavado de activos y contra la financiaci\u00f3n del terrorismo (ALA\/CFT) de acuerdo a lo m\u00e1s altos est\u00e1ndares internacionales en materia de gesti\u00f3n de riesgos.<\/p><\/div>\n\t\t\t\t<\/div>\n\t\t\t\t<\/div>\n\t\t\t\t\t\t<\/div>\n\t\t\t\t\t<\/div>\n\t\t<\/div>\n\t\t\t\t\t\t\t\t<\/div>\n\t\t\t\t\t<\/div>\n\t\t<\/section>\n\t\t\t\t<div class=\"elementor-element elementor-element-c534fbe elementor-widget-divider--view-line elementor-invisible elementor-widget elementor-widget-divider\" data-id=\"c534fbe\" data-element_type=\"widget\" data-settings=\"{&quot;_animation&quot;:&quot;fadeInLeft&quot;}\" data-widget_type=\"divider.default\">\n\t\t\t\t<div class=\"elementor-widget-container\">\n\t\t\t\t\t<div class=\"elementor-divider\">\n\t\t\t<span class=\"elementor-divider-separator\">\n\t\t\t\t\t\t<\/span>\n\t\t<\/div>\n\t\t\t\t<\/div>\n\t\t\t\t<\/div>\n\t\t\t\t\t\t<\/div>\n\t\t\t\t\t<\/div>\n\t\t<\/div>\n\t\t\t\t\t\t\t\t<\/div>\n\t\t\t\t\t<\/div>\n\t\t<\/section>\n\t\t\t\t<section class=\"elementor-section elementor-top-section elementor-element elementor-element-c556ba0 elementor-section-stretched elementor-section-boxed elementor-section-height-default elementor-section-height-default\" data-id=\"c556ba0\" data-element_type=\"section\" data-settings=\"{&quot;stretch_section&quot;:&quot;section-stretched&quot;,&quot;background_background&quot;:&quot;classic&quot;}\">\n\t\t\t\t\t\t\t<div class=\"elementor-background-overlay\"><\/div>\n\t\t\t\t\t\t\t<div class=\"elementor-container elementor-column-gap-wide\">\n\t\t\t\t\t\t\t<div class=\"elementor-row\">\n\t\t\t\t\t<div class=\"elementor-column elementor-col-100 elementor-top-column elementor-element elementor-element-8e6f201\" data-id=\"8e6f201\" data-element_type=\"column\">\n\t\t\t<div class=\"elementor-column-wrap elementor-element-populated\">\n\t\t\t\t\t\t\t<div class=\"elementor-widget-wrap\">\n\t\t\t\t\t\t<section class=\"elementor-section elementor-inner-section elementor-element elementor-element-4e90400 elementor-section-boxed elementor-section-height-default elementor-section-height-default\" data-id=\"4e90400\" data-element_type=\"section\">\n\t\t\t\t\t\t<div class=\"elementor-container elementor-column-gap-wider\">\n\t\t\t\t\t\t\t<div class=\"elementor-row\">\n\t\t\t\t\t<div class=\"elementor-column elementor-col-50 elementor-inner-column elementor-element elementor-element-f850fe7\" data-id=\"f850fe7\" data-element_type=\"column\">\n\t\t\t<div class=\"elementor-column-wrap elementor-element-populated\">\n\t\t\t\t\t\t\t<div class=\"elementor-widget-wrap\">\n\t\t\t\t\t\t<div class=\"elementor-element elementor-element-8ad0f55 elementor-invisible elementor-widget elementor-widget-heading\" data-id=\"8ad0f55\" data-element_type=\"widget\" data-settings=\"{&quot;_animation&quot;:&quot;fadeInDown&quot;}\" data-widget_type=\"heading.default\">\n\t\t\t\t<div class=\"elementor-widget-container\">\n\t\t\t<h2 class=\"elementor-heading-title elementor-size-default\">3. Consultor\u00eda en materia de prevenci\u00f3n de LA\/FT<\/h2>\t\t<\/div>\n\t\t\t\t<\/div>\n\t\t\t\t<div class=\"elementor-element elementor-element-4ad4fa2 elementor-widget-divider--view-line elementor-widget elementor-widget-divider\" data-id=\"4ad4fa2\" data-element_type=\"widget\" data-widget_type=\"divider.default\">\n\t\t\t\t<div class=\"elementor-widget-container\">\n\t\t\t\t\t<div class=\"elementor-divider\">\n\t\t\t<span class=\"elementor-divider-separator\">\n\t\t\t\t\t\t<\/span>\n\t\t<\/div>\n\t\t\t\t<\/div>\n\t\t\t\t<\/div>\n\t\t\t\t<div class=\"elementor-element elementor-element-a89c575 elementor-widget elementor-widget-text-editor\" data-id=\"a89c575\" data-element_type=\"widget\" data-widget_type=\"text-editor.default\">\n\t\t\t\t<div class=\"elementor-widget-container\">\n\t\t\t\t\t<div class=\"elementor-text-editor elementor-clearfix\"><p>Acompa\u00f1amos a nuestros clientes para resolver sus preguntas en temas puntuales y casos concretos, en los que acusen problemas o preocupaciones vinculados con la prevenci\u00f3n del lavado de activos y la financiaci\u00f3n del terrorismo. Orientamos a su organizaci\u00f3n acerca de las mejores practicas que se pueden implementar para la gesti\u00f3n de riesgos empresariales en materia de lavado de activos y financiaci\u00f3n del terrorismo atendiendo las caracter\u00edsticas y complejidad de su organizaci\u00f3n.<\/p><\/div>\n\t\t\t\t<\/div>\n\t\t\t\t<\/div>\n\t\t\t\t<div class=\"elementor-element elementor-element-ea66156 elementor-invisible elementor-widget elementor-widget-image\" data-id=\"ea66156\" data-element_type=\"widget\" data-settings=\"{&quot;_animation&quot;:&quot;zoomIn&quot;}\" data-widget_type=\"image.default\">\n\t\t\t\t<div class=\"elementor-widget-container\">\n\t\t\t\t\t<div class=\"elementor-image\">\n\t\t\t\t\t\t\t\t\t\t<img width=\"1024\" height=\"682\" src=\"https:\/\/www.sinturamartinez.com\/nuevaweb\/wp-content\/uploads\/2020\/06\/Diseno-e-implementacion-de-programa-ALA_AFT-1024x682.jpg\" class=\"attachment-large size-large\" alt=\"\" loading=\"lazy\" srcset=\"https:\/\/www.sinturamartinez.com\/nuevaweb\/wp-content\/uploads\/2020\/06\/Diseno-e-implementacion-de-programa-ALA_AFT-1024x682.jpg 1024w, https:\/\/www.sinturamartinez.com\/nuevaweb\/wp-content\/uploads\/2020\/06\/Diseno-e-implementacion-de-programa-ALA_AFT-300x200.jpg 300w, https:\/\/www.sinturamartinez.com\/nuevaweb\/wp-content\/uploads\/2020\/06\/Diseno-e-implementacion-de-programa-ALA_AFT-768x512.jpg 768w, https:\/\/www.sinturamartinez.com\/nuevaweb\/wp-content\/uploads\/2020\/06\/Diseno-e-implementacion-de-programa-ALA_AFT.jpg 1400w\" sizes=\"(max-width: 1024px) 100vw, 1024px\" \/>\t\t\t\t\t\t\t\t\t\t\t<\/div>\n\t\t\t\t<\/div>\n\t\t\t\t<\/div>\n\t\t\t\t\t\t<\/div>\n\t\t\t\t\t<\/div>\n\t\t<\/div>\n\t\t\t\t<div class=\"elementor-column elementor-col-50 elementor-inner-column elementor-element elementor-element-7771237\" data-id=\"7771237\" data-element_type=\"column\">\n\t\t\t<div class=\"elementor-column-wrap elementor-element-populated\">\n\t\t\t\t\t\t\t<div class=\"elementor-widget-wrap\">\n\t\t\t\t\t\t<div class=\"elementor-element elementor-element-ce5193d elementor-invisible elementor-widget elementor-widget-heading\" data-id=\"ce5193d\" data-element_type=\"widget\" data-settings=\"{&quot;_animation&quot;:&quot;fadeInDown&quot;}\" data-widget_type=\"heading.default\">\n\t\t\t\t<div class=\"elementor-widget-container\">\n\t\t\t<h2 class=\"elementor-heading-title elementor-size-default\">4. Debida diligencia de contrapartes<\/h2>\t\t<\/div>\n\t\t\t\t<\/div>\n\t\t\t\t<div class=\"elementor-element elementor-element-740ccb9 elementor-widget-divider--view-line elementor-widget elementor-widget-divider\" data-id=\"740ccb9\" data-element_type=\"widget\" data-widget_type=\"divider.default\">\n\t\t\t\t<div class=\"elementor-widget-container\">\n\t\t\t\t\t<div class=\"elementor-divider\">\n\t\t\t<span class=\"elementor-divider-separator\">\n\t\t\t\t\t\t<\/span>\n\t\t<\/div>\n\t\t\t\t<\/div>\n\t\t\t\t<\/div>\n\t\t\t\t<div class=\"elementor-element elementor-element-b1d43e1 elementor-widget elementor-widget-text-editor\" data-id=\"b1d43e1\" data-element_type=\"widget\" data-widget_type=\"text-editor.default\">\n\t\t\t\t<div class=\"elementor-widget-container\">\n\t\t\t\t\t<div class=\"elementor-text-editor elementor-clearfix\"><p>La evoluci\u00f3n del mundo de los negocios impone la necesidad de tener un conocimiento adecuado de los clientes y proveedores en el desarrollo de operaciones empresariales. Nuestra experiencia especializada permite acompa\u00f1ar a nuestros clientes en transacciones comerciales que requieran actividades de debida diligencia ampliada y\/o reforzada para conocer de forma apropiada a las personas y los bienes involucrados.<\/p><\/div>\n\t\t\t\t<\/div>\n\t\t\t\t<\/div>\n\t\t\t\t<div class=\"elementor-element elementor-element-5a5efb8 elementor-invisible elementor-widget elementor-widget-image\" data-id=\"5a5efb8\" data-element_type=\"widget\" data-settings=\"{&quot;_animation&quot;:&quot;zoomIn&quot;}\" data-widget_type=\"image.default\">\n\t\t\t\t<div class=\"elementor-widget-container\">\n\t\t\t\t\t<div class=\"elementor-image\">\n\t\t\t\t\t\t\t\t\t\t<img width=\"1024\" height=\"682\" src=\"https:\/\/www.sinturamartinez.com\/nuevaweb\/wp-content\/uploads\/2020\/06\/Debida-diligencia-de-contrapartes-1024x682.jpg\" class=\"attachment-large size-large\" alt=\"\" loading=\"lazy\" srcset=\"https:\/\/www.sinturamartinez.com\/nuevaweb\/wp-content\/uploads\/2020\/06\/Debida-diligencia-de-contrapartes-1024x682.jpg 1024w, https:\/\/www.sinturamartinez.com\/nuevaweb\/wp-content\/uploads\/2020\/06\/Debida-diligencia-de-contrapartes-300x200.jpg 300w, https:\/\/www.sinturamartinez.com\/nuevaweb\/wp-content\/uploads\/2020\/06\/Debida-diligencia-de-contrapartes-768x512.jpg 768w, https:\/\/www.sinturamartinez.com\/nuevaweb\/wp-content\/uploads\/2020\/06\/Debida-diligencia-de-contrapartes.jpg 1400w\" sizes=\"(max-width: 1024px) 100vw, 1024px\" \/>\t\t\t\t\t\t\t\t\t\t\t<\/div>\n\t\t\t\t<\/div>\n\t\t\t\t<\/div>\n\t\t\t\t\t\t<\/div>\n\t\t\t\t\t<\/div>\n\t\t<\/div>\n\t\t\t\t\t\t\t\t<\/div>\n\t\t\t\t\t<\/div>\n\t\t<\/section>\n\t\t\t\t<div class=\"elementor-element elementor-element-26703b8 elementor-widget-divider--view-line elementor-invisible elementor-widget elementor-widget-divider\" data-id=\"26703b8\" data-element_type=\"widget\" data-settings=\"{&quot;_animation&quot;:&quot;fadeInLeft&quot;}\" data-widget_type=\"divider.default\">\n\t\t\t\t<div class=\"elementor-widget-container\">\n\t\t\t\t\t<div class=\"elementor-divider\">\n\t\t\t<span class=\"elementor-divider-separator\">\n\t\t\t\t\t\t<\/span>\n\t\t<\/div>\n\t\t\t\t<\/div>\n\t\t\t\t<\/div>\n\t\t\t\t\t\t<\/div>\n\t\t\t\t\t<\/div>\n\t\t<\/div>\n\t\t\t\t\t\t\t\t<\/div>\n\t\t\t\t\t<\/div>\n\t\t<\/section>\n\t\t\t\t\t\t<\/div>\n\t\t\t\t\t\t<\/div>\n\t\t\t\t\t<\/div>\n\t\t","protected":false},"excerpt":{"rendered":"<p>1. Auditoria al programa de prevenci\u00f3n de LA\/FT Evaluamos la eficacia de los sistemas de prevenci\u00f3n de lavado de activos y financiaci\u00f3n del terrorismo mediante la aplicaci\u00f3n de una metodolog\u00eda de medici\u00f3n de riesgo dise\u00f1ada por nosotros, a partir del conocimiento de nuestros socios fundadores de m\u00e1s de 30 a\u00f1os . Esta metodolog\u00eda es \u00fanica &hellip;<\/p>\n<p class=\"read-more\"> <a class=\"\" href=\"https:\/\/www.sinturamartinez.com\/nuevaweb\/gestion-del-riesgo-de-lavado-de-activos-y-financiacion-del-terrorismo\/\"> <span class=\"screen-reader-text\">Gesti\u00f3n de Riesgo LA\/FT<\/span> Leer m\u00e1s &raquo;<\/a><\/p>\n","protected":false},"author":1,"featured_media":0,"parent":0,"menu_order":0,"comment_status":"closed","ping_status":"closed","template":"elementor_header_footer","meta":[],"_links":{"self":[{"href":"https:\/\/www.sinturamartinez.com\/nuevaweb\/wp-json\/wp\/v2\/pages\/108"}],"collection":[{"href":"https:\/\/www.sinturamartinez.com\/nuevaweb\/wp-json\/wp\/v2\/pages"}],"about":[{"href":"https:\/\/www.sinturamartinez.com\/nuevaweb\/wp-json\/wp\/v2\/types\/page"}],"author":[{"embeddable":true,"href":"https:\/\/www.sinturamartinez.com\/nuevaweb\/wp-json\/wp\/v2\/users\/1"}],"replies":[{"embeddable":true,"href":"https:\/\/www.sinturamartinez.com\/nuevaweb\/wp-json\/wp\/v2\/comments?post=108"}],"version-history":[{"count":35,"href":"https:\/\/www.sinturamartinez.com\/nuevaweb\/wp-json\/wp\/v2\/pages\/108\/revisions"}],"predecessor-version":[{"id":525,"href":"https:\/\/www.sinturamartinez.com\/nuevaweb\/wp-json\/wp\/v2\/pages\/108\/revisions\/525"}],"wp:attachment":[{"href":"https:\/\/www.sinturamartinez.com\/nuevaweb\/wp-json\/wp\/v2\/media?parent=108"}],"curies":[{"name":"wp","href":"https:\/\/api.w.org\/{rel}","templated":true}]}}